{"id":45,"date":"2025-07-25T05:23:34","date_gmt":"2025-07-25T05:23:34","guid":{"rendered":"https:\/\/server-82.de\/leichterlernen\/?page_id=45"},"modified":"2025-07-25T06:28:17","modified_gmt":"2025-07-25T06:28:17","slug":"impressum","status":"publish","type":"page","link":"https:\/\/nachhilfe-erzgebirge.de\/index.php\/impressum\/","title":{"rendered":"Impressum"},"content":{"rendered":"<section  class='av_textblock_section av-mdidlj5b-ddd052a6e0bc4bba051772da64f91cd3 '   itemscope=\"itemscope\" itemtype=\"https:\/\/schema.org\/CreativeWork\" ><div class='avia_textblock'  itemprop=\"text\" ><h1>Impressum<\/h1>\n<div>\n<div class=\"innen\"><b>Gesetzliche Anbieterkennung:<\/b><b>LEICHTER LERNEN!<\/b><br \/>\nInhaberin Traude-Maria Winkler<br \/>\nRobert-Koch-Stra\u00dfe 16a<\/div>\n<div class=\"innen\">08340 Schwarzenberg\/Erzgebirge<br \/>\nTel.: 03774 23597<br \/>\nE-Mail: <a href=\"mailto:info@nachhilfe-erzgebirge.de\">info@nachhilfe-erzgebirge.de<\/a><\/p>\n<p>Steuer-Nr.: 218\/287\/02901<\/p>\n<p><strong>Rechtliche Hinweise zur Webseite<\/strong><\/p>\n<p>Alle Texte, Bilder und weiter hier ver\u00f6ffentlichten Informationen unterliegen dem Urheberrecht des Anbieters, soweit nicht Urheberrechte Dritter bestehen. In jedem Fall ist eine Vervielf\u00e4ltigung, Verbreitung oder \u00f6ffentliche Wiedergabe ausschlie\u00dflich im Falle einer widerruflichen und nicht \u00fcbertragbaren Zustimmung des Anbieters gestattet.<\/p>\n<p><strong>Layout, Design und Programmierung<\/strong><\/p>\n<p>BUR Werbeagentur GmbH<br \/>\nGabelsbergerstr. 4 <b>\u00b7<\/b> D-09456 Annaberg-Buchholz<br \/>\nInternet: <a href=\"http:\/\/www.bur-werbung.de\" target=\"_blank\" rel=\"noopener\">www.bur-werbung.de<\/a><\/p>\n<\/div>\n<\/div>\n<\/div><\/section>\n","protected":false},"excerpt":{"rendered":"","protected":false},"author":1,"featured_media":0,"parent":0,"menu_order":0,"comment_status":"closed","ping_status":"closed","template":"","meta":{"footnotes":"","_links_to":"","_links_to_target":""},"class_list":["post-45","page","type-page","status-publish","hentry"],"yoast_head":"<!-- This site is optimized with the Yoast SEO plugin v27.4 - https:\/\/yoast.com\/product\/yoast-seo-wordpress\/ -->\n<title>Impressum - Nachhilfe Erzgebirge<\/title>\n<meta name=\"robots\" content=\"index, follow, max-snippet:-1, max-image-preview:large, max-video-preview:-1\" \/>\n<link rel=\"canonical\" href=\"https:\/\/nachhilfe-erzgebirge.de\/index.php\/impressum\/\" \/>\n<meta property=\"og:locale\" content=\"de_DE\" \/>\n<meta property=\"og:type\" content=\"article\" \/>\n<meta property=\"og:title\" content=\"Impressum - Nachhilfe Erzgebirge\" \/>\n<meta property=\"og:url\" content=\"https:\/\/nachhilfe-erzgebirge.de\/index.php\/impressum\/\" \/>\n<meta property=\"og:site_name\" content=\"Nachhilfe Erzgebirge\" \/>\n<meta property=\"article:modified_time\" content=\"2025-07-25T06:28:17+00:00\" \/>\n<meta name=\"twitter:card\" content=\"summary_large_image\" \/>\n<meta name=\"twitter:label1\" content=\"Gesch\u00e4tzte Lesezeit\" \/>\n\t<meta name=\"twitter:data1\" content=\"1\u00a0Minute\" \/>\n<script type=\"application\/ld+json\" class=\"yoast-schema-graph\">{\"@context\":\"https:\\\/\\\/schema.org\",\"@graph\":[{\"@type\":\"WebPage\",\"@id\":\"https:\\\/\\\/nachhilfe-erzgebirge.de\\\/index.php\\\/impressum\\\/\",\"url\":\"https:\\\/\\\/nachhilfe-erzgebirge.de\\\/index.php\\\/impressum\\\/\",\"name\":\"Impressum - Nachhilfe Erzgebirge\",\"isPartOf\":{\"@id\":\"https:\\\/\\\/nachhilfe-erzgebirge.de\\\/#website\"},\"datePublished\":\"2025-07-25T05:23:34+00:00\",\"dateModified\":\"2025-07-25T06:28:17+00:00\",\"breadcrumb\":{\"@id\":\"https:\\\/\\\/nachhilfe-erzgebirge.de\\\/index.php\\\/impressum\\\/#breadcrumb\"},\"inLanguage\":\"de\",\"potentialAction\":[{\"@type\":\"ReadAction\",\"target\":[\"https:\\\/\\\/nachhilfe-erzgebirge.de\\\/index.php\\\/impressum\\\/\"]}]},{\"@type\":\"BreadcrumbList\",\"@id\":\"https:\\\/\\\/nachhilfe-erzgebirge.de\\\/index.php\\\/impressum\\\/#breadcrumb\",\"itemListElement\":[{\"@type\":\"ListItem\",\"position\":1,\"name\":\"Startseite\",\"item\":\"https:\\\/\\\/nachhilfe-erzgebirge.de\\\/\"},{\"@type\":\"ListItem\",\"position\":2,\"name\":\"Impressum\"}]},{\"@type\":\"WebSite\",\"@id\":\"https:\\\/\\\/nachhilfe-erzgebirge.de\\\/#website\",\"url\":\"https:\\\/\\\/nachhilfe-erzgebirge.de\\\/\",\"name\":\"Nachhilfe Erzgebirge\",\"description\":\"\",\"publisher\":{\"@id\":\"https:\\\/\\\/nachhilfe-erzgebirge.de\\\/#organization\"},\"potentialAction\":[{\"@type\":\"SearchAction\",\"target\":{\"@type\":\"EntryPoint\",\"urlTemplate\":\"https:\\\/\\\/nachhilfe-erzgebirge.de\\\/?s={search_term_string}\"},\"query-input\":{\"@type\":\"PropertyValueSpecification\",\"valueRequired\":true,\"valueName\":\"search_term_string\"}}],\"inLanguage\":\"de\"},{\"@type\":\"Organization\",\"@id\":\"https:\\\/\\\/nachhilfe-erzgebirge.de\\\/#organization\",\"name\":\"LEICHTER LERNEN!\",\"url\":\"https:\\\/\\\/nachhilfe-erzgebirge.de\\\/\",\"logo\":{\"@type\":\"ImageObject\",\"inLanguage\":\"de\",\"@id\":\"https:\\\/\\\/nachhilfe-erzgebirge.de\\\/#\\\/schema\\\/logo\\\/image\\\/\",\"url\":\"https:\\\/\\\/nachhilfe-erzgebirge.de\\\/wp-content\\\/uploads\\\/2025\\\/07\\\/Element-4@5x_ohnenachilfe.png\",\"contentUrl\":\"https:\\\/\\\/nachhilfe-erzgebirge.de\\\/wp-content\\\/uploads\\\/2025\\\/07\\\/Element-4@5x_ohnenachilfe.png\",\"width\":1287,\"height\":608,\"caption\":\"LEICHTER LERNEN!\"},\"image\":{\"@id\":\"https:\\\/\\\/nachhilfe-erzgebirge.de\\\/#\\\/schema\\\/logo\\\/image\\\/\"}}]}<\/script>\n<!-- \/ Yoast SEO plugin. -->","yoast_head_json":{"title":"Impressum - Nachhilfe Erzgebirge","robots":{"index":"index","follow":"follow","max-snippet":"max-snippet:-1","max-image-preview":"max-image-preview:large","max-video-preview":"max-video-preview:-1"},"canonical":"https:\/\/nachhilfe-erzgebirge.de\/index.php\/impressum\/","og_locale":"de_DE","og_type":"article","og_title":"Impressum - Nachhilfe Erzgebirge","og_url":"https:\/\/nachhilfe-erzgebirge.de\/index.php\/impressum\/","og_site_name":"Nachhilfe Erzgebirge","article_modified_time":"2025-07-25T06:28:17+00:00","twitter_card":"summary_large_image","twitter_misc":{"Gesch\u00e4tzte Lesezeit":"1\u00a0Minute"},"schema":{"@context":"https:\/\/schema.org","@graph":[{"@type":"WebPage","@id":"https:\/\/nachhilfe-erzgebirge.de\/index.php\/impressum\/","url":"https:\/\/nachhilfe-erzgebirge.de\/index.php\/impressum\/","name":"Impressum - Nachhilfe Erzgebirge","isPartOf":{"@id":"https:\/\/nachhilfe-erzgebirge.de\/#website"},"datePublished":"2025-07-25T05:23:34+00:00","dateModified":"2025-07-25T06:28:17+00:00","breadcrumb":{"@id":"https:\/\/nachhilfe-erzgebirge.de\/index.php\/impressum\/#breadcrumb"},"inLanguage":"de","potentialAction":[{"@type":"ReadAction","target":["https:\/\/nachhilfe-erzgebirge.de\/index.php\/impressum\/"]}]},{"@type":"BreadcrumbList","@id":"https:\/\/nachhilfe-erzgebirge.de\/index.php\/impressum\/#breadcrumb","itemListElement":[{"@type":"ListItem","position":1,"name":"Startseite","item":"https:\/\/nachhilfe-erzgebirge.de\/"},{"@type":"ListItem","position":2,"name":"Impressum"}]},{"@type":"WebSite","@id":"https:\/\/nachhilfe-erzgebirge.de\/#website","url":"https:\/\/nachhilfe-erzgebirge.de\/","name":"Nachhilfe Erzgebirge","description":"","publisher":{"@id":"https:\/\/nachhilfe-erzgebirge.de\/#organization"},"potentialAction":[{"@type":"SearchAction","target":{"@type":"EntryPoint","urlTemplate":"https:\/\/nachhilfe-erzgebirge.de\/?s={search_term_string}"},"query-input":{"@type":"PropertyValueSpecification","valueRequired":true,"valueName":"search_term_string"}}],"inLanguage":"de"},{"@type":"Organization","@id":"https:\/\/nachhilfe-erzgebirge.de\/#organization","name":"LEICHTER LERNEN!","url":"https:\/\/nachhilfe-erzgebirge.de\/","logo":{"@type":"ImageObject","inLanguage":"de","@id":"https:\/\/nachhilfe-erzgebirge.de\/#\/schema\/logo\/image\/","url":"https:\/\/nachhilfe-erzgebirge.de\/wp-content\/uploads\/2025\/07\/Element-4@5x_ohnenachilfe.png","contentUrl":"https:\/\/nachhilfe-erzgebirge.de\/wp-content\/uploads\/2025\/07\/Element-4@5x_ohnenachilfe.png","width":1287,"height":608,"caption":"LEICHTER LERNEN!"},"image":{"@id":"https:\/\/nachhilfe-erzgebirge.de\/#\/schema\/logo\/image\/"}}]}},"_links":{"self":[{"href":"https:\/\/nachhilfe-erzgebirge.de\/index.php\/wp-json\/wp\/v2\/pages\/45","targetHints":{"allow":["GET"]}}],"collection":[{"href":"https:\/\/nachhilfe-erzgebirge.de\/index.php\/wp-json\/wp\/v2\/pages"}],"about":[{"href":"https:\/\/nachhilfe-erzgebirge.de\/index.php\/wp-json\/wp\/v2\/types\/page"}],"author":[{"embeddable":true,"href":"https:\/\/nachhilfe-erzgebirge.de\/index.php\/wp-json\/wp\/v2\/users\/1"}],"replies":[{"embeddable":true,"href":"https:\/\/nachhilfe-erzgebirge.de\/index.php\/wp-json\/wp\/v2\/comments?post=45"}],"version-history":[{"count":3,"href":"https:\/\/nachhilfe-erzgebirge.de\/index.php\/wp-json\/wp\/v2\/pages\/45\/revisions"}],"predecessor-version":[{"id":75,"href":"https:\/\/nachhilfe-erzgebirge.de\/index.php\/wp-json\/wp\/v2\/pages\/45\/revisions\/75"}],"wp:attachment":[{"href":"https:\/\/nachhilfe-erzgebirge.de\/index.php\/wp-json\/wp\/v2\/media?parent=45"}],"curies":[{"name":"wp","href":"https:\/\/api.w.org\/{rel}","templated":true}]}}