{"id":19,"date":"2025-07-07T09:59:44","date_gmt":"2025-07-07T09:59:44","guid":{"rendered":"https:\/\/server-82.de\/leichterlernen\/?page_id=19"},"modified":"2025-07-29T06:50:43","modified_gmt":"2025-07-29T06:50:43","slug":"leichter-lernen","status":"publish","type":"page","link":"https:\/\/nachhilfe-erzgebirge.de\/","title":{"rendered":"Startseite"},"content":{"rendered":"<div id='layer_slider_1'  class='avia-layerslider main_color avia-shadow  avia-builder-el-0  el_before_av_section  avia-builder-el-first  container_wrap sidebar_right'  style='height: 721px; max-width: 1280px; margin: 0 auto;'  ><\/div>\n<div id='av_section_1'  class='avia-section av-5256v-c5c3d6115cfd72f34ea839bd12b8e48d main_color avia-section-default avia-no-border-styling  avia-builder-el-1  el_after_av_layerslider  el_before_av_notification  avia-bg-style-scroll container_wrap sidebar_right'  ><div class='container av-section-cont-open' ><div class='template-page content  av-content-small alpha units'><div class='post-entry post-entry-type-page post-entry-19'><div class='entry-content-wrapper clearfix'>\n<section  class='av_textblock_section av-4pbgn-40f4bf8cc8782f0b50bd1f5ad38165a3 '   itemscope=\"itemscope\" itemtype=\"https:\/\/schema.org\/CreativeWork\" ><div class='avia_textblock'  itemprop=\"text\" ><h2 style=\"text-align: center;\"><strong data-start=\"128\" data-end=\"178\">Leichter lernen mit Nachhilfe in Schwarzenberg <br class=\"avia-permanent-lb\" \/><\/strong><\/h2>\n<p style=\"text-align: center;\"><br data-start=\"178\" data-end=\"181\" \/>Lernen f\u00e4llt nicht immer leicht \u2013 doch mit der richtigen Unterst\u00fctzung kann jeder Sch\u00fcler sein volles Potenzial entfalten. In Schwarzenberg bieten wir gezielte Nachhilfe f\u00fcr alle Altersstufen und Schulf\u00e4cher an. Ob Schwierigkeiten in Mathe, Deutsch, Englisch oder anderen F\u00e4chern \u2013 unsere erfahrenen Nachhilfelehrer helfen individuell und effektiv. Gemeinsam bauen wir Verst\u00e4ndnis, Selbstvertrauen und Lernfreude auf. Denn Lernen soll nicht \u00fcberfordern, sondern st\u00e4rken.<\/p>\n<\/div><\/section>\n\n<style type=\"text\/css\" data-created_by=\"avia_inline_auto\" id=\"style-css-av-mdifqdbb-845d4d419da51281f26cf836f687a829\">\n#top .hr.hr-invisible.av-mdifqdbb-845d4d419da51281f26cf836f687a829{\nheight:50px;\n}\n<\/style>\n<div  class='hr av-mdifqdbb-845d4d419da51281f26cf836f687a829 hr-invisible  avia-builder-el-3  el_after_av_textblock  el_before_av_textblock '><span class='hr-inner '><span class=\"hr-inner-style\"><\/span><\/span><\/div>\n<section  class='av_textblock_section av-mdifpz5x-71adc708a1511f20f3ff9d298e34ebc4 '   itemscope=\"itemscope\" itemtype=\"https:\/\/schema.org\/CreativeWork\" ><div class='avia_textblock'  itemprop=\"text\" ><h2 style=\"text-align: center;\">SERVICETELEFON<\/h2>\n<h2 style=\"text-align: center;\">03774 23597<\/h2>\n<\/div><\/section>\n<\/div><\/div><\/div><!-- close content main div --><\/div><\/div><div id='after_section_1'  class='main_color av_default_container_wrap container_wrap sidebar_right'  ><div class='container av-section-cont-open' ><div class='template-page content  av-content-small alpha units'><div class='post-entry post-entry-type-page post-entry-19'><div class='entry-content-wrapper clearfix'>\n<style type=\"text\/css\" data-created_by=\"avia_inline_auto\" id=\"style-css-av-mdifoij9-721a9e3dcbee04c0ebc4e88c916a30de\">\n.avia_message_box.av-mdifoij9-721a9e3dcbee04c0ebc4e88c916a30de{\nbackground-color:#db0080;\ncolor:#ffffff;\n}\n.avia_message_box.av-mdifoij9-721a9e3dcbee04c0ebc4e88c916a30de .avia_message_box_icon.avia-svg-icon svg:first-child{\nfill:#ffffff;\nstroke:#ffffff;\n}\n<\/style>\n<div id='avia-messagebox-0c538638cfc335898a3fedd65f90501f' class='avia_message_box av_notification av-mdifoij9-721a9e3dcbee04c0ebc4e88c916a30de avia-color-custom avia-size-large avia-icon_select-no avia-border-  avia-builder-el-5  el_after_av_section  el_before_av_hr  avia-builder-el-first  messagebox-hidden messagebox-session_cookie'  data-contents='0c538638cfc335898a3fedd65f90501f' data-cookielifetime='60'><span class='avia_message_box_title' >AKTUELLES:<\/span><div class=\"avia_message_box_content\"><p>kostenfreie Probestunde (90 min)<br \/>\nGeschwisterrabatt<\/p>\n<\/div><a class=\"av_message_close\">\u00d7<\/a><\/div><\/p>\n\n<style type=\"text\/css\" data-created_by=\"avia_inline_auto\" id=\"style-css-av-mdidebzq-ed866bd2a76dd1d5481c09de5f79d350\">\n#top .hr.hr-invisible.av-mdidebzq-ed866bd2a76dd1d5481c09de5f79d350{\nheight:50px;\n}\n<\/style>\n<div  class='hr av-mdidebzq-ed866bd2a76dd1d5481c09de5f79d350 hr-invisible  avia-builder-el-6  el_after_av_notification  el_before_av_section  avia-builder-el-last '><span class='hr-inner '><span class=\"hr-inner-style\"><\/span><\/span><\/div>\n<\/div><\/div><\/div><!-- close content main div --><\/div><\/div><div id='leistungen'  class='avia-section av-mdiebfbi-8d3eb2de531e0c846151142a3d72dde1 main_color avia-section-default avia-no-border-styling  avia-builder-el-7  el_after_av_hr  el_before_av_hr  avia-bg-style-scroll container_wrap sidebar_right'  ><div class='container av-section-cont-open' ><div class='template-page content  av-content-small alpha units'><div class='post-entry post-entry-type-page post-entry-19'><div class='entry-content-wrapper clearfix'>\n<div  class='flex_column av-3tpcf-48cd98be9def7b29b9f9a55e8c5d094f av_one_half  avia-builder-el-8  el_before_av_one_half  avia-builder-el-first  first flex_column_div  '     ><section  class='av_textblock_section av-33oxb-9d0c4d8d41b2d53c0e59db4bd0cc7215 '   itemscope=\"itemscope\" itemtype=\"https:\/\/schema.org\/CreativeWork\" ><div class='avia_textblock'  itemprop=\"text\" ><h2>Leistungen<\/h2>\n<ul>\n<li>Nachhilfe von der Klasse 1-13<\/li>\n<li>Alle Hauptf\u00e4cher:<br \/>\nMathematik, Deutsch, Englisch, Franz\u00f6sisch, Physik, Chemie<\/li>\n<li>Motivierte und erfahrene Nachhilfelehrer-\/innen<br \/>\nk\u00fcmmern sich um Ihr Kind<\/li>\n<li>Pr\u00fcfungsvorbereitung<\/li>\n<li>Vorbereitung von Leistungskontrollen<\/li>\n<li>Wir arbeiten Unterrichtsbegleitend<\/li>\n<li>Regelm\u00e4\u00dfige Elterngespr\u00e4che<\/li>\n<\/ul>\n<\/div><\/section><\/div><div  class='flex_column av-2jynv-1b8ce634253f8344a8e41d0a023ad8c7 av_one_half  avia-builder-el-10  el_after_av_one_half  avia-builder-el-last  flex_column_div  '     ><style type=\"text\/css\" data-created_by=\"avia_inline_auto\" id=\"style-css-av-1xsfr-1eefaf5f73b7faa6af39190127661ed5\">\n.avia-image-container.av-1xsfr-1eefaf5f73b7faa6af39190127661ed5 img.avia_image{\nbox-shadow:none;\n}\n.avia-image-container.av-1xsfr-1eefaf5f73b7faa6af39190127661ed5 .av-image-caption-overlay-center{\ncolor:#ffffff;\n}\n<\/style>\n<div  class='avia-image-container av-1xsfr-1eefaf5f73b7faa6af39190127661ed5 av-styling- avia-align-center  avia-builder-el-11  avia-builder-el-no-sibling '   itemprop=\"image\" itemscope=\"itemscope\" itemtype=\"https:\/\/schema.org\/ImageObject\" ><div class=\"avia-image-container-inner\"><div class=\"avia-image-overlay-wrap\"><img decoding=\"async\" fetchpriority=\"high\" class='wp-image-30 avia-img-lazy-loading-not-30 avia_image ' src=\"https:\/\/nachhilfe-erzgebirge.de\/wp-content\/uploads\/2025\/07\/vater-und-tochter-verbringen-viel-zeit-im-haus-scaled.jpg\" alt='Erwachsener Mann erkl\u00e4rt Kind die Hausaufgaben' title='vater-und-tochter-verbringen-viel-zeit-im-haus'  height=\"1707\" width=\"2560\"  itemprop=\"thumbnailUrl\" srcset=\"https:\/\/nachhilfe-erzgebirge.de\/wp-content\/uploads\/2025\/07\/vater-und-tochter-verbringen-viel-zeit-im-haus-scaled.jpg 2560w, https:\/\/nachhilfe-erzgebirge.de\/wp-content\/uploads\/2025\/07\/vater-und-tochter-verbringen-viel-zeit-im-haus-300x200.jpg 300w, https:\/\/nachhilfe-erzgebirge.de\/wp-content\/uploads\/2025\/07\/vater-und-tochter-verbringen-viel-zeit-im-haus-1030x687.jpg 1030w, https:\/\/nachhilfe-erzgebirge.de\/wp-content\/uploads\/2025\/07\/vater-und-tochter-verbringen-viel-zeit-im-haus-768x512.jpg 768w, https:\/\/nachhilfe-erzgebirge.de\/wp-content\/uploads\/2025\/07\/vater-und-tochter-verbringen-viel-zeit-im-haus-1536x1024.jpg 1536w, https:\/\/nachhilfe-erzgebirge.de\/wp-content\/uploads\/2025\/07\/vater-und-tochter-verbringen-viel-zeit-im-haus-2048x1365.jpg 2048w, https:\/\/nachhilfe-erzgebirge.de\/wp-content\/uploads\/2025\/07\/vater-und-tochter-verbringen-viel-zeit-im-haus-1500x1000.jpg 1500w, https:\/\/nachhilfe-erzgebirge.de\/wp-content\/uploads\/2025\/07\/vater-und-tochter-verbringen-viel-zeit-im-haus-705x470.jpg 705w\" sizes=\"(max-width: 2560px) 100vw, 2560px\" \/><\/div><\/div><\/div><\/div>\n<\/div><\/div><\/div><!-- close content main div --><\/div><\/div><div id='after_section_2'  class='main_color av_default_container_wrap container_wrap sidebar_right'  ><div class='container av-section-cont-open' ><div class='template-page content  av-content-small alpha units'><div class='post-entry post-entry-type-page post-entry-19'><div class='entry-content-wrapper clearfix'>\n\n<style type=\"text\/css\" data-created_by=\"avia_inline_auto\" id=\"style-css-av-mdidfqav-3b7d4d28e56875e288e934ab98d05174\">\n#top .hr.hr-invisible.av-mdidfqav-3b7d4d28e56875e288e934ab98d05174{\nheight:100px;\n}\n<\/style>\n<div  class='hr av-mdidfqav-3b7d4d28e56875e288e934ab98d05174 hr-invisible  avia-builder-el-12  el_after_av_section  el_before_av_section  avia-builder-el-no-sibling '><span class='hr-inner '><span class=\"hr-inner-style\"><\/span><\/span><\/div>\n<\/div><\/div><\/div><!-- close content main div --><\/div><\/div><div id='preise'  class='avia-section av-mdieeuqs-6d6b474f2a5494e2db60814e85f68fc9 main_color avia-section-default avia-no-border-styling  avia-builder-el-13  el_after_av_hr  el_before_av_hr  avia-bg-style-scroll container_wrap sidebar_right'  ><div class='container av-section-cont-open' ><div class='template-page content  av-content-small alpha units'><div class='post-entry post-entry-type-page post-entry-19'><div class='entry-content-wrapper clearfix'>\n<div  class='flex_column av-1oncj-4441d54f2613362f02b87594044ca9fe av_one_half  avia-builder-el-14  el_before_av_one_half  avia-builder-el-first  first flex_column_div  '     ><style type=\"text\/css\" data-created_by=\"avia_inline_auto\" id=\"style-css-av-mdicr36f-bd77a3bf9eb4b2b0c274c08d782ac87b\">\n.avia-image-container.av-mdicr36f-bd77a3bf9eb4b2b0c274c08d782ac87b img.avia_image{\nbox-shadow:none;\n}\n.avia-image-container.av-mdicr36f-bd77a3bf9eb4b2b0c274c08d782ac87b .av-image-caption-overlay-center{\ncolor:#ffffff;\n}\n<\/style>\n<div  class='avia-image-container av-mdicr36f-bd77a3bf9eb4b2b0c274c08d782ac87b av-styling- avia-align-center  avia-builder-el-15  avia-builder-el-no-sibling '   itemprop=\"image\" itemscope=\"itemscope\" itemtype=\"https:\/\/schema.org\/ImageObject\" ><div class=\"avia-image-container-inner\"><div class=\"avia-image-overlay-wrap\"><img decoding=\"async\" fetchpriority=\"high\" class='wp-image-32 avia-img-lazy-loading-not-32 avia_image ' src=\"https:\/\/nachhilfe-erzgebirge.de\/wp-content\/uploads\/2025\/07\/junge-mutter-die-mit-tochter-von-zu-hause-aus-arbeitet-scaled.jpg\" alt='Erwachsene Frau zeigt Kind etwas auf Laptop' title='Young mother working from home with daughter'  height=\"1709\" width=\"2560\"  itemprop=\"thumbnailUrl\" srcset=\"https:\/\/nachhilfe-erzgebirge.de\/wp-content\/uploads\/2025\/07\/junge-mutter-die-mit-tochter-von-zu-hause-aus-arbeitet-scaled.jpg 2560w, https:\/\/nachhilfe-erzgebirge.de\/wp-content\/uploads\/2025\/07\/junge-mutter-die-mit-tochter-von-zu-hause-aus-arbeitet-300x200.jpg 300w, https:\/\/nachhilfe-erzgebirge.de\/wp-content\/uploads\/2025\/07\/junge-mutter-die-mit-tochter-von-zu-hause-aus-arbeitet-1030x687.jpg 1030w, https:\/\/nachhilfe-erzgebirge.de\/wp-content\/uploads\/2025\/07\/junge-mutter-die-mit-tochter-von-zu-hause-aus-arbeitet-768x513.jpg 768w, https:\/\/nachhilfe-erzgebirge.de\/wp-content\/uploads\/2025\/07\/junge-mutter-die-mit-tochter-von-zu-hause-aus-arbeitet-1536x1025.jpg 1536w, https:\/\/nachhilfe-erzgebirge.de\/wp-content\/uploads\/2025\/07\/junge-mutter-die-mit-tochter-von-zu-hause-aus-arbeitet-2048x1367.jpg 2048w, https:\/\/nachhilfe-erzgebirge.de\/wp-content\/uploads\/2025\/07\/junge-mutter-die-mit-tochter-von-zu-hause-aus-arbeitet-1500x1001.jpg 1500w, https:\/\/nachhilfe-erzgebirge.de\/wp-content\/uploads\/2025\/07\/junge-mutter-die-mit-tochter-von-zu-hause-aus-arbeitet-705x471.jpg 705w\" sizes=\"(max-width: 2560px) 100vw, 2560px\" \/><\/div><\/div><\/div><\/div><div  class='flex_column av-2tv7-21740e3a09444f7391f37ba953f62e80 av_one_half  avia-builder-el-16  el_after_av_one_half  avia-builder-el-last  flex_column_div  '     ><section  class='av_textblock_section av-mdicuovx-be0bb80e424ea8b843b59af93e44bf6f '   itemscope=\"itemscope\" itemtype=\"https:\/\/schema.org\/CreativeWork\" ><div class='avia_textblock'  itemprop=\"text\" ><h2>Unsere Preise<\/h2>\n<p><a name=\"news34\"><\/a><\/p>\n<div>\n<ul>\n<li>1 x w\u00f6chentlich<br \/>\nje 2 Schulstunden: 79 EUR monatlich<\/li>\n<li>2 x w\u00f6chentlich<br \/>\nje 2 Schulstunden: 110 EUR monatlich<\/li>\n<\/ul>\n<\/div>\n<\/div><\/section><\/div>\n<\/div><\/div><\/div><!-- close content main div --><\/div><\/div><div id='after_section_3'  class='main_color av_default_container_wrap container_wrap sidebar_right'  ><div class='container av-section-cont-open' ><div class='template-page content  av-content-small alpha units'><div class='post-entry post-entry-type-page post-entry-19'><div class='entry-content-wrapper clearfix'>\n\n<style type=\"text\/css\" data-created_by=\"avia_inline_auto\" id=\"style-css-av-mdidfuex-43d2ac39dc4e4c2a34c44a2b49e74402\">\n#top .hr.hr-invisible.av-mdidfuex-43d2ac39dc4e4c2a34c44a2b49e74402{\nheight:100px;\n}\n<\/style>\n<div  class='hr av-mdidfuex-43d2ac39dc4e4c2a34c44a2b49e74402 hr-invisible  avia-builder-el-18  el_after_av_section  el_before_av_section  avia-builder-el-no-sibling '><span class='hr-inner '><span class=\"hr-inner-style\"><\/span><\/span><\/div>\n<\/div><\/div><\/div><!-- close content main div --><\/div><\/div><div id='oeffnungszeiten'  class='avia-section av-mdief90s-fc3db715ce7b3b6ffe803c7fa2d354cb main_color avia-section-default avia-no-border-styling  avia-builder-el-19  el_after_av_hr  avia-builder-el-last  avia-bg-style-scroll container_wrap sidebar_right'  ><div class='container av-section-cont-open' ><div class='template-page content  av-content-small alpha units'><div class='post-entry post-entry-type-page post-entry-19'><div class='entry-content-wrapper clearfix'>\n<div  class='flex_column av-1rvh3-2abae2074509e36214a1e133e44eb3fc av_one_half  avia-builder-el-20  el_before_av_one_half  avia-builder-el-first  first flex_column_div  '     ><section  class='av_textblock_section av-mdidb87f-177772293ea053458258973b27df99dd '   itemscope=\"itemscope\" itemtype=\"https:\/\/schema.org\/CreativeWork\" ><div class='avia_textblock'  itemprop=\"text\" ><h2>Unsere \u00d6ffnungszeiten<\/h2>\n<p><a name=\"news33\"><\/a><\/p>\n<div>\n<ul>\n<li>Montag bis Freitag<br \/>\n14.00 Uhr \u2013 18.30 Uhr<\/li>\n<\/ul>\n<p>Au\u00dfer an Feiertagen und in den Sommerferien.<\/p>\n<\/div>\n<\/div><\/section><\/div><div  class='flex_column av-10d73-182c1aa4f94dcd070256ce23ecff8126 av_one_half  avia-builder-el-22  el_after_av_one_half  avia-builder-el-last  flex_column_div  '     ><style type=\"text\/css\" data-created_by=\"avia_inline_auto\" id=\"style-css-av-mdidbu8x-7d167ad7248c033da7f124b1602bdfe1\">\n.avia-image-container.av-mdidbu8x-7d167ad7248c033da7f124b1602bdfe1 img.avia_image{\nbox-shadow:none;\n}\n.avia-image-container.av-mdidbu8x-7d167ad7248c033da7f124b1602bdfe1 .av-image-caption-overlay-center{\ncolor:#ffffff;\n}\n<\/style>\n<div  class='avia-image-container av-mdidbu8x-7d167ad7248c033da7f124b1602bdfe1 av-styling- avia-align-center  avia-builder-el-23  avia-builder-el-no-sibling '   itemprop=\"image\" itemscope=\"itemscope\" itemtype=\"https:\/\/schema.org\/ImageObject\" ><div class=\"avia-image-container-inner\"><div class=\"avia-image-overlay-wrap\"><img decoding=\"async\" fetchpriority=\"high\" class='wp-image-37 avia-img-lazy-loading-not-37 avia_image ' src=\"https:\/\/nachhilfe-erzgebirge.de\/wp-content\/uploads\/2025\/07\/kollegen-lernen-gemeinsam-wahrend-des-gruppenstudiums-scaled.jpg\" alt='2 Sch\u00fcler lernen zusammen' title='kollegen-lernen-gemeinsam-wahrend-des-gruppenstudiums'  height=\"1703\" width=\"2560\"  itemprop=\"thumbnailUrl\" srcset=\"https:\/\/nachhilfe-erzgebirge.de\/wp-content\/uploads\/2025\/07\/kollegen-lernen-gemeinsam-wahrend-des-gruppenstudiums-scaled.jpg 2560w, https:\/\/nachhilfe-erzgebirge.de\/wp-content\/uploads\/2025\/07\/kollegen-lernen-gemeinsam-wahrend-des-gruppenstudiums-300x200.jpg 300w, https:\/\/nachhilfe-erzgebirge.de\/wp-content\/uploads\/2025\/07\/kollegen-lernen-gemeinsam-wahrend-des-gruppenstudiums-1030x685.jpg 1030w, https:\/\/nachhilfe-erzgebirge.de\/wp-content\/uploads\/2025\/07\/kollegen-lernen-gemeinsam-wahrend-des-gruppenstudiums-768x511.jpg 768w, https:\/\/nachhilfe-erzgebirge.de\/wp-content\/uploads\/2025\/07\/kollegen-lernen-gemeinsam-wahrend-des-gruppenstudiums-1536x1022.jpg 1536w, https:\/\/nachhilfe-erzgebirge.de\/wp-content\/uploads\/2025\/07\/kollegen-lernen-gemeinsam-wahrend-des-gruppenstudiums-2048x1362.jpg 2048w, https:\/\/nachhilfe-erzgebirge.de\/wp-content\/uploads\/2025\/07\/kollegen-lernen-gemeinsam-wahrend-des-gruppenstudiums-1500x998.jpg 1500w, https:\/\/nachhilfe-erzgebirge.de\/wp-content\/uploads\/2025\/07\/kollegen-lernen-gemeinsam-wahrend-des-gruppenstudiums-705x469.jpg 705w\" sizes=\"(max-width: 2560px) 100vw, 2560px\" \/><\/div><\/div><\/div><\/div>\n<\/div><\/div><\/div><!-- close content main div --><\/div><\/div><div id='after_section_4'  class='main_color av_default_container_wrap container_wrap sidebar_right'  ><div class='container av-section-cont-open' ><div class='template-page content  av-content-small alpha units'><div class='post-entry post-entry-type-page post-entry-19'><div class='entry-content-wrapper clearfix'>\n","protected":false},"excerpt":{"rendered":"","protected":false},"author":1,"featured_media":0,"parent":0,"menu_order":0,"comment_status":"closed","ping_status":"closed","template":"","meta":{"footnotes":"","_links_to":"","_links_to_target":""},"class_list":["post-19","page","type-page","status-publish","hentry"],"yoast_head":"<!-- This site is optimized with the Yoast SEO plugin v27.4 - https:\/\/yoast.com\/product\/yoast-seo-wordpress\/ -->\n<title>Startseite - Nachhilfe Erzgebirge<\/title>\n<meta name=\"description\" content=\"In Schwarzenberg bieten wir gezielte Nachhilfe f\u00fcr alle Altersstufen und Schulf\u00e4cher an. Ob Schwierigkeiten in Mathe, Deutsch, Englisch oder anderen F\u00e4chern \u2013 unsere erfahrenen Nachhilfelehrer helfen individuell und effektiv.\" \/>\n<meta name=\"robots\" content=\"index, follow, max-snippet:-1, max-image-preview:large, max-video-preview:-1\" \/>\n<link rel=\"canonical\" href=\"https:\/\/nachhilfe-erzgebirge.de\/\" \/>\n<meta property=\"og:locale\" content=\"de_DE\" \/>\n<meta property=\"og:type\" content=\"article\" \/>\n<meta property=\"og:title\" content=\"Startseite - Nachhilfe Erzgebirge\" \/>\n<meta property=\"og:description\" content=\"In Schwarzenberg bieten wir gezielte Nachhilfe f\u00fcr alle Altersstufen und Schulf\u00e4cher an. Ob Schwierigkeiten in Mathe, Deutsch, Englisch oder anderen F\u00e4chern \u2013 unsere erfahrenen Nachhilfelehrer helfen individuell und effektiv.\" \/>\n<meta property=\"og:url\" content=\"https:\/\/nachhilfe-erzgebirge.de\/\" \/>\n<meta property=\"og:site_name\" content=\"Nachhilfe Erzgebirge\" \/>\n<meta property=\"article:modified_time\" content=\"2025-07-29T06:50:43+00:00\" \/>\n<meta name=\"twitter:card\" content=\"summary_large_image\" \/>\n<meta name=\"twitter:label1\" content=\"Gesch\u00e4tzte Lesezeit\" \/>\n\t<meta name=\"twitter:data1\" content=\"2\u00a0Minuten\" \/>\n<script type=\"application\/ld+json\" class=\"yoast-schema-graph\">{\"@context\":\"https:\\\/\\\/schema.org\",\"@graph\":[{\"@type\":\"WebPage\",\"@id\":\"https:\\\/\\\/nachhilfe-erzgebirge.de\\\/\",\"url\":\"https:\\\/\\\/nachhilfe-erzgebirge.de\\\/\",\"name\":\"Startseite - Nachhilfe Erzgebirge\",\"isPartOf\":{\"@id\":\"https:\\\/\\\/nachhilfe-erzgebirge.de\\\/#website\"},\"datePublished\":\"2025-07-07T09:59:44+00:00\",\"dateModified\":\"2025-07-29T06:50:43+00:00\",\"description\":\"In Schwarzenberg bieten wir gezielte Nachhilfe f\u00fcr alle Altersstufen und Schulf\u00e4cher an. Ob Schwierigkeiten in Mathe, Deutsch, Englisch oder anderen F\u00e4chern \u2013 unsere erfahrenen Nachhilfelehrer helfen individuell und effektiv.\",\"breadcrumb\":{\"@id\":\"https:\\\/\\\/nachhilfe-erzgebirge.de\\\/#breadcrumb\"},\"inLanguage\":\"de\",\"potentialAction\":[{\"@type\":\"ReadAction\",\"target\":[\"https:\\\/\\\/nachhilfe-erzgebirge.de\\\/\"]}]},{\"@type\":\"BreadcrumbList\",\"@id\":\"https:\\\/\\\/nachhilfe-erzgebirge.de\\\/#breadcrumb\",\"itemListElement\":[{\"@type\":\"ListItem\",\"position\":1,\"name\":\"Startseite\",\"item\":\"https:\\\/\\\/nachhilfe-erzgebirge.de\\\/\"},{\"@type\":\"ListItem\",\"position\":2,\"name\":\"Startseite\"}]},{\"@type\":\"WebSite\",\"@id\":\"https:\\\/\\\/nachhilfe-erzgebirge.de\\\/#website\",\"url\":\"https:\\\/\\\/nachhilfe-erzgebirge.de\\\/\",\"name\":\"Nachhilfe Erzgebirge\",\"description\":\"\",\"publisher\":{\"@id\":\"https:\\\/\\\/nachhilfe-erzgebirge.de\\\/#organization\"},\"potentialAction\":[{\"@type\":\"SearchAction\",\"target\":{\"@type\":\"EntryPoint\",\"urlTemplate\":\"https:\\\/\\\/nachhilfe-erzgebirge.de\\\/?s={search_term_string}\"},\"query-input\":{\"@type\":\"PropertyValueSpecification\",\"valueRequired\":true,\"valueName\":\"search_term_string\"}}],\"inLanguage\":\"de\"},{\"@type\":\"Organization\",\"@id\":\"https:\\\/\\\/nachhilfe-erzgebirge.de\\\/#organization\",\"name\":\"LEICHTER LERNEN!\",\"url\":\"https:\\\/\\\/nachhilfe-erzgebirge.de\\\/\",\"logo\":{\"@type\":\"ImageObject\",\"inLanguage\":\"de\",\"@id\":\"https:\\\/\\\/nachhilfe-erzgebirge.de\\\/#\\\/schema\\\/logo\\\/image\\\/\",\"url\":\"https:\\\/\\\/nachhilfe-erzgebirge.de\\\/wp-content\\\/uploads\\\/2025\\\/07\\\/Element-4@5x_ohnenachilfe.png\",\"contentUrl\":\"https:\\\/\\\/nachhilfe-erzgebirge.de\\\/wp-content\\\/uploads\\\/2025\\\/07\\\/Element-4@5x_ohnenachilfe.png\",\"width\":1287,\"height\":608,\"caption\":\"LEICHTER LERNEN!\"},\"image\":{\"@id\":\"https:\\\/\\\/nachhilfe-erzgebirge.de\\\/#\\\/schema\\\/logo\\\/image\\\/\"}}]}<\/script>\n<!-- \/ Yoast SEO plugin. -->","yoast_head_json":{"title":"Startseite - Nachhilfe Erzgebirge","description":"In Schwarzenberg bieten wir gezielte Nachhilfe f\u00fcr alle Altersstufen und Schulf\u00e4cher an. Ob Schwierigkeiten in Mathe, Deutsch, Englisch oder anderen F\u00e4chern \u2013 unsere erfahrenen Nachhilfelehrer helfen individuell und effektiv.","robots":{"index":"index","follow":"follow","max-snippet":"max-snippet:-1","max-image-preview":"max-image-preview:large","max-video-preview":"max-video-preview:-1"},"canonical":"https:\/\/nachhilfe-erzgebirge.de\/","og_locale":"de_DE","og_type":"article","og_title":"Startseite - Nachhilfe Erzgebirge","og_description":"In Schwarzenberg bieten wir gezielte Nachhilfe f\u00fcr alle Altersstufen und Schulf\u00e4cher an. Ob Schwierigkeiten in Mathe, Deutsch, Englisch oder anderen F\u00e4chern \u2013 unsere erfahrenen Nachhilfelehrer helfen individuell und effektiv.","og_url":"https:\/\/nachhilfe-erzgebirge.de\/","og_site_name":"Nachhilfe Erzgebirge","article_modified_time":"2025-07-29T06:50:43+00:00","twitter_card":"summary_large_image","twitter_misc":{"Gesch\u00e4tzte Lesezeit":"2\u00a0Minuten"},"schema":{"@context":"https:\/\/schema.org","@graph":[{"@type":"WebPage","@id":"https:\/\/nachhilfe-erzgebirge.de\/","url":"https:\/\/nachhilfe-erzgebirge.de\/","name":"Startseite - Nachhilfe Erzgebirge","isPartOf":{"@id":"https:\/\/nachhilfe-erzgebirge.de\/#website"},"datePublished":"2025-07-07T09:59:44+00:00","dateModified":"2025-07-29T06:50:43+00:00","description":"In Schwarzenberg bieten wir gezielte Nachhilfe f\u00fcr alle Altersstufen und Schulf\u00e4cher an. Ob Schwierigkeiten in Mathe, Deutsch, Englisch oder anderen F\u00e4chern \u2013 unsere erfahrenen Nachhilfelehrer helfen individuell und effektiv.","breadcrumb":{"@id":"https:\/\/nachhilfe-erzgebirge.de\/#breadcrumb"},"inLanguage":"de","potentialAction":[{"@type":"ReadAction","target":["https:\/\/nachhilfe-erzgebirge.de\/"]}]},{"@type":"BreadcrumbList","@id":"https:\/\/nachhilfe-erzgebirge.de\/#breadcrumb","itemListElement":[{"@type":"ListItem","position":1,"name":"Startseite","item":"https:\/\/nachhilfe-erzgebirge.de\/"},{"@type":"ListItem","position":2,"name":"Startseite"}]},{"@type":"WebSite","@id":"https:\/\/nachhilfe-erzgebirge.de\/#website","url":"https:\/\/nachhilfe-erzgebirge.de\/","name":"Nachhilfe Erzgebirge","description":"","publisher":{"@id":"https:\/\/nachhilfe-erzgebirge.de\/#organization"},"potentialAction":[{"@type":"SearchAction","target":{"@type":"EntryPoint","urlTemplate":"https:\/\/nachhilfe-erzgebirge.de\/?s={search_term_string}"},"query-input":{"@type":"PropertyValueSpecification","valueRequired":true,"valueName":"search_term_string"}}],"inLanguage":"de"},{"@type":"Organization","@id":"https:\/\/nachhilfe-erzgebirge.de\/#organization","name":"LEICHTER LERNEN!","url":"https:\/\/nachhilfe-erzgebirge.de\/","logo":{"@type":"ImageObject","inLanguage":"de","@id":"https:\/\/nachhilfe-erzgebirge.de\/#\/schema\/logo\/image\/","url":"https:\/\/nachhilfe-erzgebirge.de\/wp-content\/uploads\/2025\/07\/Element-4@5x_ohnenachilfe.png","contentUrl":"https:\/\/nachhilfe-erzgebirge.de\/wp-content\/uploads\/2025\/07\/Element-4@5x_ohnenachilfe.png","width":1287,"height":608,"caption":"LEICHTER LERNEN!"},"image":{"@id":"https:\/\/nachhilfe-erzgebirge.de\/#\/schema\/logo\/image\/"}}]}},"_links":{"self":[{"href":"https:\/\/nachhilfe-erzgebirge.de\/index.php\/wp-json\/wp\/v2\/pages\/19","targetHints":{"allow":["GET"]}}],"collection":[{"href":"https:\/\/nachhilfe-erzgebirge.de\/index.php\/wp-json\/wp\/v2\/pages"}],"about":[{"href":"https:\/\/nachhilfe-erzgebirge.de\/index.php\/wp-json\/wp\/v2\/types\/page"}],"author":[{"embeddable":true,"href":"https:\/\/nachhilfe-erzgebirge.de\/index.php\/wp-json\/wp\/v2\/users\/1"}],"replies":[{"embeddable":true,"href":"https:\/\/nachhilfe-erzgebirge.de\/index.php\/wp-json\/wp\/v2\/comments?post=19"}],"version-history":[{"count":16,"href":"https:\/\/nachhilfe-erzgebirge.de\/index.php\/wp-json\/wp\/v2\/pages\/19\/revisions"}],"predecessor-version":[{"id":74,"href":"https:\/\/nachhilfe-erzgebirge.de\/index.php\/wp-json\/wp\/v2\/pages\/19\/revisions\/74"}],"wp:attachment":[{"href":"https:\/\/nachhilfe-erzgebirge.de\/index.php\/wp-json\/wp\/v2\/media?parent=19"}],"curies":[{"name":"wp","href":"https:\/\/api.w.org\/{rel}","templated":true}]}}